{"id":1834,"date":"2018-06-13T14:34:20","date_gmt":"2018-06-13T14:34:20","guid":{"rendered":"https:\/\/ekotoplanebanjaluka.com\/?page_id=1834"},"modified":"2020-11-16T09:22:46","modified_gmt":"2020-11-16T09:22:46","slug":"rjesenje-visedecenijskog-problema","status":"publish","type":"page","link":"https:\/\/ekotoplanebanjaluka.com\/bs\/rjesenje-visedecenijskog-problema\/","title":{"rendered":"Rje\u0161enje vi\u0161edecenijskog problema"},"content":{"rendered":"<p>[vc_row css=&#8221;.vc_custom_1528900452875{padding-top: 3% !important;padding-bottom: 5% !important;}&#8221;][vc_column width=&#8221;1\/2&#8221;][vc_column_text]<\/p>\n<p class=\"MsoNormal\"><span style=\"font-family: 'Arial',sans-serif;\">Gra\u0111ani Banjaluke koji su povezani na gradsku toplifikacionu mre\u017eu, tokom protekle dvije decenije bili su suo\u010deni sa problemom neodr\u017eivog sistema grijanja. Izgradnja toplane na biomasu predstavlja po\u010detak rje\u0161enja ovog problema. Osim \u0161to je rije\u010d o obnovljivom izvoru energije, biomasa je doma\u0107i proizvod, \u0161to donosi u\u0161tede lokalnoj zajednici, jer vi\u0161e nema potrebe za uvozom skupog energenta, \u0161tetnog za \u017eivotnu sredinu \u2013 mazuta.<\/span><\/p>\n<p class=\"MsoNormal\"><span style=\"font-family: 'Arial',sans-serif;\"><br \/>\nUvo\u0111enjem kori\u0161tenja obnovljivog izvora energije, Banjaluka je smje\u0161tena na mapu \u201czelenih\u201d gradova regiona i Evrope.<\/span><\/p>\n<p>[\/vc_column_text][\/vc_column][vc_column width=&#8221;1\/2&#8221;]<figure class=\"sc_image  sc_image_shape_square\"><img decoding=\"async\" src=\"https:\/\/ekotoplanebanjaluka.com\/wp-content\/uploads\/revslider\/widget_slider\/widget_slide2-e1528900376654.jpg\" alt=\"\" \/><\/figure>[\/vc_column][\/vc_row]<\/p>\n","protected":false},"excerpt":{"rendered":"<p>[vc_row css=&#8221;.vc_custom_1528900452875{padding-top: 3% !important;padding-bottom: 5% !important;}&#8221;][vc_column width=&#8221;1\/2&#8221;][vc_column_text] Gra\u0111ani Banjaluke koji su povezani na gradsku toplifikacionu mre\u017eu, tokom protekle dvije decenije bili su suo\u010deni sa problemom neodr\u017eivog sistema grijanja. Izgradnja toplane [&hellip;]<\/p>\n","protected":false},"author":1,"featured_media":0,"parent":0,"menu_order":0,"comment_status":"open","ping_status":"closed","template":"","meta":{"footnotes":"","_links_to":"","_links_to_target":""},"class_list":["post-1834","page","type-page","status-publish","hentry"],"_links":{"self":[{"href":"https:\/\/ekotoplanebanjaluka.com\/bs\/wp-json\/wp\/v2\/pages\/1834","targetHints":{"allow":["GET"]}}],"collection":[{"href":"https:\/\/ekotoplanebanjaluka.com\/bs\/wp-json\/wp\/v2\/pages"}],"about":[{"href":"https:\/\/ekotoplanebanjaluka.com\/bs\/wp-json\/wp\/v2\/types\/page"}],"author":[{"embeddable":true,"href":"https:\/\/ekotoplanebanjaluka.com\/bs\/wp-json\/wp\/v2\/users\/1"}],"replies":[{"embeddable":true,"href":"https:\/\/ekotoplanebanjaluka.com\/bs\/wp-json\/wp\/v2\/comments?post=1834"}],"version-history":[{"count":11,"href":"https:\/\/ekotoplanebanjaluka.com\/bs\/wp-json\/wp\/v2\/pages\/1834\/revisions"}],"predecessor-version":[{"id":4361,"href":"https:\/\/ekotoplanebanjaluka.com\/bs\/wp-json\/wp\/v2\/pages\/1834\/revisions\/4361"}],"wp:attachment":[{"href":"https:\/\/ekotoplanebanjaluka.com\/bs\/wp-json\/wp\/v2\/media?parent=1834"}],"curies":[{"name":"wp","href":"https:\/\/api.w.org\/{rel}","templated":true}]}}