{"id":1847,"date":"2018-06-13T14:40:41","date_gmt":"2018-06-13T14:40:41","guid":{"rendered":"https:\/\/ekotoplanebanjaluka.com\/?page_id=1847"},"modified":"2020-10-28T07:48:47","modified_gmt":"2020-10-28T07:48:47","slug":"lokalni-resursi-i-medunarodna-saradnja","status":"publish","type":"page","link":"https:\/\/ekotoplanebanjaluka.com\/bs\/lokalni-resursi-i-medunarodna-saradnja\/","title":{"rendered":"Lokalni resursi i me\u0111unarodna saradnja"},"content":{"rendered":"<p>[vc_row css=&#8221;.vc_custom_1528896365820{padding-top: 3% !important;padding-bottom: 5% !important;}&#8221;][vc_column width=&#8221;1\/2&#8221;][vc_column_text]<\/p>\n<p>Na izgradnji nove toplane anga\u017eovana je doma\u0107a elektroma\u0161inska i gra\u0111evinska industrija. Osim toga, kompletan projekat Eko toplana rezultat je rada doma\u0107e struke iz oblasti energetike i termodinamike. Tehnologije koje se primjenjuju u radu nove toplane na biomasu ispunjavaju najstro\u017ee evropske standarde, a razvijane su tokom protekle decenije u saradnji sa najeminentnijim institutima i univerzitetima u Evropi i regionu, kao \u0161to su Institut za nuklearne nauke \u201cVin\u010da\u201d Univerziteta u Beogradu, Tehni\u010dkog instituta Kraljevskog univerziteta u \u0160tokholmu i tehnolo\u0161kih, ma\u0161inskih i elektrotehni\u010dkih fakulteta u Beogradu i Banjaluci.<\/p>\n<p><span data-mce-type=\"bookmark\" style=\"display: inline-block; width: 0px; overflow: hidden; line-height: 0;\" class=\"mce_SELRES_start\">\ufeff<\/span>[\/vc_column_text][\/vc_column][vc_column width=&#8221;1\/2&#8221;]<figure class=\"sc_image  sc_image_shape_square\"><img decoding=\"async\" src=\"https:\/\/ekotoplanebanjaluka.com\/wp-content\/uploads\/2018\/07\/top172.jpg\" alt=\"\" \/><\/figure>[\/vc_column][\/vc_row]<\/p>\n","protected":false},"excerpt":{"rendered":"<p>[vc_row css=&#8221;.vc_custom_1528896365820{padding-top: 3% !important;padding-bottom: 5% !important;}&#8221;][vc_column width=&#8221;1\/2&#8221;][vc_column_text] Na izgradnji nove toplane anga\u017eovana je doma\u0107a elektroma\u0161inska i gra\u0111evinska industrija. Osim toga, kompletan projekat Eko toplana rezultat je rada doma\u0107e struke iz [&hellip;]<\/p>\n","protected":false},"author":1,"featured_media":0,"parent":0,"menu_order":0,"comment_status":"open","ping_status":"closed","template":"","meta":{"footnotes":"","_links_to":"","_links_to_target":""},"class_list":["post-1847","page","type-page","status-publish","hentry"],"_links":{"self":[{"href":"https:\/\/ekotoplanebanjaluka.com\/bs\/wp-json\/wp\/v2\/pages\/1847","targetHints":{"allow":["GET"]}}],"collection":[{"href":"https:\/\/ekotoplanebanjaluka.com\/bs\/wp-json\/wp\/v2\/pages"}],"about":[{"href":"https:\/\/ekotoplanebanjaluka.com\/bs\/wp-json\/wp\/v2\/types\/page"}],"author":[{"embeddable":true,"href":"https:\/\/ekotoplanebanjaluka.com\/bs\/wp-json\/wp\/v2\/users\/1"}],"replies":[{"embeddable":true,"href":"https:\/\/ekotoplanebanjaluka.com\/bs\/wp-json\/wp\/v2\/comments?post=1847"}],"version-history":[{"count":5,"href":"https:\/\/ekotoplanebanjaluka.com\/bs\/wp-json\/wp\/v2\/pages\/1847\/revisions"}],"predecessor-version":[{"id":4193,"href":"https:\/\/ekotoplanebanjaluka.com\/bs\/wp-json\/wp\/v2\/pages\/1847\/revisions\/4193"}],"wp:attachment":[{"href":"https:\/\/ekotoplanebanjaluka.com\/bs\/wp-json\/wp\/v2\/media?parent=1847"}],"curies":[{"name":"wp","href":"https:\/\/api.w.org\/{rel}","templated":true}]}}