{"id":1999,"date":"2018-07-13T09:55:08","date_gmt":"2018-07-13T09:55:08","guid":{"rendered":"https:\/\/ekotoplanebanjaluka.com\/?page_id=1999"},"modified":"2019-11-08T09:19:47","modified_gmt":"2019-11-08T09:19:47","slug":"kontakt","status":"publish","type":"page","link":"https:\/\/ekotoplanebanjaluka.com\/bs\/kontakt\/","title":{"rendered":"Kontakt"},"content":{"rendered":"<p>[vc_row css=&#8221;.vc_custom_1531475473112{padding-top: 5% !important;padding-bottom: 5% !important;}&#8221;][vc_column width=&#8221;1\/2&#8221;][vc_custom_heading text=&#8221;Kontaktirajte nas&#8221; use_theme_fonts=&#8221;yes&#8221;][vc_column_text]<strong>Adresa<\/strong><br \/>\nBulevar vojvode \u017divojina Mi\u0161i\u0107a 32,\u00a0 78000 Banja Luka,\u00a0Republika Srpska<\/p>\n<p><strong>Telefon<\/strong><br \/>\n051\/492-862, 051\/492-863, 051\/492-864<\/p>\n<p><strong>Besplatna info linija<\/strong><br \/>\n0800 502 12<\/p>\n<p><strong>E-mail<\/strong><br \/>\ninfo@ekotoplanebanjaluka.com[\/vc_column_text][\/vc_column][vc_column width=&#8221;1\/2&#8221; el_class=&#8221;.contact_form_full_boxed&#8221;]\n<div class=\"wpcf7 no-js\" id=\"wpcf7-f3563-o1\" lang=\"cir-BA\" dir=\"ltr\" data-wpcf7-id=\"3563\">\n<div class=\"screen-reader-response\"><p role=\"status\" aria-live=\"polite\" aria-atomic=\"true\"><\/p> <ul><\/ul><\/div>\n<form action=\"\/bs\/wp-json\/wp\/v2\/pages\/1999#wpcf7-f3563-o1\" method=\"post\" class=\"wpcf7-form init\" aria-label=\"Kontakt obrazac\" novalidate=\"novalidate\" data-status=\"init\">\n<fieldset class=\"hidden-fields-container\"><input type=\"hidden\" name=\"_wpcf7\" value=\"3563\" \/><input type=\"hidden\" name=\"_wpcf7_version\" value=\"6.1.2\" \/><input type=\"hidden\" name=\"_wpcf7_locale\" value=\"cir_BA\" \/><input type=\"hidden\" name=\"_wpcf7_unit_tag\" value=\"wpcf7-f3563-o1\" \/><input type=\"hidden\" name=\"_wpcf7_container_post\" value=\"0\" \/><input type=\"hidden\" name=\"_wpcf7_posted_data_hash\" value=\"\" \/><input type=\"hidden\" name=\"_wpcf7_recaptcha_response\" value=\"\" \/>\n<\/fieldset>\n<p><label> Va\u0161e Ime (obavezno)<br \/>\n<span class=\"wpcf7-form-control-wrap\" data-name=\"your-name\"><input size=\"40\" maxlength=\"400\" class=\"wpcf7-form-control wpcf7-text wpcf7-validates-as-required\" aria-required=\"true\" aria-invalid=\"false\" value=\"\" type=\"text\" name=\"your-name\" \/><\/span> <\/label>\n<\/p>\n<p><label> Va\u0161 Email (obavezno)<br \/>\n<span class=\"wpcf7-form-control-wrap\" data-name=\"your-email\"><input size=\"40\" maxlength=\"400\" class=\"wpcf7-form-control wpcf7-email wpcf7-validates-as-required wpcf7-text wpcf7-validates-as-email\" aria-required=\"true\" aria-invalid=\"false\" value=\"\" type=\"email\" name=\"your-email\" \/><\/span> <\/label>\n<\/p>\n<p><label> Tema<br \/>\n<span class=\"wpcf7-form-control-wrap\" data-name=\"your-subject\"><input size=\"40\" maxlength=\"400\" class=\"wpcf7-form-control wpcf7-text\" aria-invalid=\"false\" value=\"\" type=\"text\" name=\"your-subject\" \/><\/span> <\/label>\n<\/p>\n<p><label> Va\u0161a Poruka<br \/>\n<span class=\"wpcf7-form-control-wrap\" data-name=\"your-message\"><textarea cols=\"40\" rows=\"10\" maxlength=\"2000\" class=\"wpcf7-form-control wpcf7-textarea\" aria-invalid=\"false\" name=\"your-message\"><\/textarea><\/span> <\/label>\n<\/p>\n<p><input class=\"wpcf7-form-control wpcf7-submit has-spinner\" type=\"submit\" value=\"Po\u0161alji\" \/>\n<\/p><input type='hidden' class='wpcf7-pum' value='{\"closepopup\":false,\"closedelay\":0,\"openpopup\":false,\"openpopup_id\":0}' \/><div class=\"wpcf7-response-output\" aria-hidden=\"true\"><\/div>\n<\/form>\n<\/div>\n[\/vc_column][\/vc_row][vc_row full_width=&#8221;stretch_row_content_no_spaces&#8221;][vc_column][vc_column_text]<div id=\"wpgmza_map\" class=\"wpgmza_map\" data-settings='{\"id\":\"1\",\"map_title\":\"Mapa\",\"map_width\":\"100\",\"map_height\":\"400\",\"map_start_lat\":\"44.771174\",\"map_start_lng\":\"17.207241\",\"map_start_location\":\"44.77117369513798,17.207240609283392\",\"map_start_zoom\":\"14\",\"default_marker\":\"0\",\"type\":\"1\",\"alignment\":\"2\",\"directions_enabled\":\"1\",\"styling_enabled\":\"0\",\"styling_json\":\"\",\"active\":\"0\",\"kml\":\"\",\"bicycle\":\"0\",\"traffic\":\"0\",\"dbox\":\"1\",\"dbox_width\":\"100\",\"listmarkers\":\"0\",\"listmarkers_advanced\":\"0\",\"filterbycat\":\"0\",\"ugm_enabled\":\"0\",\"ugm_category_enabled\":\"0\",\"fusion\":\"\",\"map_width_type\":\"\\\\%\",\"map_height_type\":\"px\",\"mass_marker_support\":\"1\",\"ugm_access\":\"0\",\"order_markers_by\":\"1\",\"order_markers_choice\":\"2\",\"show_user_location\":\"0\",\"default_to\":\"\",\"other_settings\":{\"store_locator_enabled\":2,\"store_locator_distance\":2,\"store_locator_default_radius\":\"10\",\"store_locator_not_found_message\":\"No results found in this location. Please try again.\",\"store_locator_bounce\":1,\"store_locator_query_string\":\"ZIP \\\/ Address:\",\"store_locator_default_address\":\"\",\"wpgmza_store_locator_restrict\":\"\",\"store_locator_style\":\"modern\",\"wpgmza_store_locator_radius_style\":\"modern\",\"map_max_zoom\":\"1\",\"transport_layer\":0,\"wpgmza_theme_data\":\"\",\"wpgmza_show_points_of_interest\":1,\"bicycle\":\"0\",\"traffic\":\"0\"}}' data-map-id='1' Data-maps-engine='google-maps' data-shortcode-attributes='{\"id\":\"1\"}' style=\"display:block; overflow:auto; width:100%; height:400px; float:left;\"><\/div>[\/vc_column_text][\/vc_column][\/vc_row]<\/p>\n","protected":false},"excerpt":{"rendered":"<p>[vc_row css=&#8221;.vc_custom_1531475473112{padding-top: 5% !important;padding-bottom: 5% !important;}&#8221;][vc_column width=&#8221;1\/2&#8221;][vc_custom_heading text=&#8221;Kontaktirajte nas&#8221; use_theme_fonts=&#8221;yes&#8221;][vc_column_text]Adresa Bulevar vojvode \u017divojina Mi\u0161i\u0107a 32,\u00a0 78000 Banja Luka,\u00a0Republika Srpska Telefon 051\/492-862, 051\/492-863, 051\/492-864 Besplatna info linija 0800 502 12 E-mail [&hellip;]<\/p>\n","protected":false},"author":1,"featured_media":0,"parent":0,"menu_order":0,"comment_status":"open","ping_status":"closed","template":"","meta":{"footnotes":"","_links_to":"","_links_to_target":""},"class_list":["post-1999","page","type-page","status-publish","hentry"],"_links":{"self":[{"href":"https:\/\/ekotoplanebanjaluka.com\/bs\/wp-json\/wp\/v2\/pages\/1999","targetHints":{"allow":["GET"]}}],"collection":[{"href":"https:\/\/ekotoplanebanjaluka.com\/bs\/wp-json\/wp\/v2\/pages"}],"about":[{"href":"https:\/\/ekotoplanebanjaluka.com\/bs\/wp-json\/wp\/v2\/types\/page"}],"author":[{"embeddable":true,"href":"https:\/\/ekotoplanebanjaluka.com\/bs\/wp-json\/wp\/v2\/users\/1"}],"replies":[{"embeddable":true,"href":"https:\/\/ekotoplanebanjaluka.com\/bs\/wp-json\/wp\/v2\/comments?post=1999"}],"version-history":[{"count":21,"href":"https:\/\/ekotoplanebanjaluka.com\/bs\/wp-json\/wp\/v2\/pages\/1999\/revisions"}],"predecessor-version":[{"id":3585,"href":"https:\/\/ekotoplanebanjaluka.com\/bs\/wp-json\/wp\/v2\/pages\/1999\/revisions\/3585"}],"wp:attachment":[{"href":"https:\/\/ekotoplanebanjaluka.com\/bs\/wp-json\/wp\/v2\/media?parent=1999"}],"curies":[{"name":"wp","href":"https:\/\/api.w.org\/{rel}","templated":true}]}}