{"id":2064,"date":"2018-07-20T15:49:02","date_gmt":"2018-07-20T15:49:02","guid":{"rendered":"https:\/\/ekotoplanebanjaluka.com\/?page_id=2064"},"modified":"2018-11-19T12:36:36","modified_gmt":"2018-11-19T12:36:36","slug":"najcesce-postavljana-pitanja","status":"publish","type":"page","link":"https:\/\/ekotoplanebanjaluka.com\/bs\/najcesce-postavljana-pitanja\/","title":{"rendered":"Naj\u010de\u0161\u0107e postavljana pitanja"},"content":{"rendered":"<p>[vc_row css=&#8221;.vc_custom_1541426083982{padding-bottom: 5% !important;}&#8221;][vc_column]<h4 class=\"sc_title sc_title_regular sc_align_left\" style=\"text-align:left;\"><strong>NAJ\u010cE\u0160\u0106A PITANJA<\/strong><\/h4><div class=\"sc_accordion sc_accordion_style_2\" style=\"margin-top:1.9em;\" data-active=\"0\"><div class=\"sc_accordion_item odd first\"><h5 class=\"sc_accordion_title \"><span class=\"sc_accordion_icon sc_accordion_icon_closed icon-down-open\"><\/span><span class=\"sc_accordion_icon sc_accordion_icon_opened icon-up-open\"><\/span>Da li sam obavezan da potpi\u0161em ugovor o kori\u0161tenju toplotne energije sa preduze\u0107em Eko toplane Banja Luka d.o.o. Banja Luka?<\/h5><div class=\"sc_accordion_content\">[vc_column_text]<strong>Odgovor: <\/strong><\/p>\n<p><strong>Korisnik je, kako Zakon o komunalnim djelatnostima nala\u017ee, obavezan da zaklju\u010di ugovor sa davaocem komunalne usluge, a preduze\u0107e Eko toplane Banja Luka d.o.o. Banja Luka kao Davalac usluge mo\u017ee zahtijevati da se takav ugovor bez odlaganja zaklju\u010di \u0161to je u\u010dinilo u vi\u0161e navrata i dalje \u010dini.<\/strong><\/p>\n<p><strong><em>Poja\u0161njenje:<\/em><\/strong><\/p>\n<p>Korisnik (fizi\u010dko i pravno lice) je obavje\u0161ten da je Davalac usluge (Eko toplane Banja Luka d.o.o. Banja Luka) preuzeo komunalnu djelatnost isporuke toplotne energije direktno, putem Slu\u017ebenog glasnika Grada Banja Luka broj 2\/18 i putem sredstava javnog informisanja.<\/p>\n<p>Davalac usluge je postupaju\u0107i u skladu sa relevantnim odredbama Zakona o komunalnim djelatnostima <strong><em>gdje je propisano da se kao komunalna djelatnost od posebnog javnog interesa smatra proizvodnja toplotne energije i da se ista ne mo\u017ee uskratiti, uredno isporu\u010dio\/isporu\u010duje toplotnu energiju kao svoju obavezu<\/em><\/strong> i u skladu sa odredbama \u010dlana 27. Zakona o obligacionim odnosima\u00a0 (&#8220;Slu\u017ebeni list SFRJ&#8221;, br. 29\/78, 39\/85, 45\/89, 57\/89, .&#8221;Slu\u017ebeni glasnik RS&#8221;, br. 17\/93, 3\/96, 74\/04) zahtjeva zaklju\u010denje Ugovora o kori\u0161tenju toplotne energije u skladu sa zajedni\u010dkom obavezom prema odredbi \u010dlana 16. Zakona o komunalnim djelatnostima.<\/p>\n<p>Korisnik je pozvan na vi\u0161e na\u010dina: putem sredstava javnog informisanja, direktnim dostavljanjem ugovora, telefonskim pozivom korisni\u010dkog centra ili kao krajnja mjera opomenom uz primljeni ra\u010dun da zaklju\u010di Ugovor o kori\u0161tenju toplotne energije koji je Ugovor formularnog tipa.<\/p>\n<p>Imaju\u0107i u vidu odredbu \u010dlana 27. Zakona o obligacionim odnosima u vezi sa odredbom \u010dlana 16. Zakona o komunalnim djelatnostima, Korisnik je po zakonu obavezan da zaklju\u010di ugovor i zainteresovano lice (u ovom slu\u010daju Davalac usluge) mo\u017ee zahtijevati da se takav ugovor bez odlaganja zaklju\u010di \u0161to je i u\u010dinio i sada opet \u010dini. U slu\u010daju da druga strana, u ovom slu\u010daju Korisnik, ne zaklju\u010di ili odbije da zaklju\u010di navedeni ugovor, obavezan je snositi posljedice takvog postupanja.[\/vc_column_text]<\/div><\/div><div class=\"sc_accordion_item even\"><h5 class=\"sc_accordion_title \"><span class=\"sc_accordion_icon sc_accordion_icon_closed icon-down-open\"><\/span><span class=\"sc_accordion_icon sc_accordion_icon_opened icon-up-open\"><\/span>Smatram da nisam dovoljno upoznat sa novim isporu\u010diocem komunalne usluge grijanja, a samim tim ni sa svojim pravima i obavezama, nije mi jasan ugovor koji dostavljate, kao i cijena i na\u010din kako se obra\u010dunava?<\/h5><div class=\"sc_accordion_content\">[vc_column_text]<strong>Odgovor: <\/strong><\/p>\n<p><strong>Preduze\u0107e Eko toplane Banja Luka d.o.o. Banja Luka \u010dini zna\u010dajne napore da uspostave direktnu komunikaciju sa korisnicima i da bude upoznato sa problemima i pitanjima koje korisnici imaju. \u0160to se ti\u010de konkretnog pitanja, u vi\u0161e navrata razli\u010ditim kanalima komunciranja i aktima, korisnik je bio upoznat sa:<\/strong><\/p>\n<ul>\n<li style=\"list-style-type: none;\">\n<ul>\n<li><strong>identitetom isporu\u010dioca toplotne energije, <\/strong><\/li>\n<li><strong>va\u017enosti i trajanju ugovora sa ranijim isporu\u010diocem toplotne energije, <\/strong><\/li>\n<li><strong>uslovima isporuke toplotne energije i <\/strong><\/li>\n<li><strong>svim ostalim bitnim elementima obligacionog odnosa, uklju\u010duju\u0107i i cijenu i strukturu cijene.<\/strong><\/li>\n<\/ul>\n<p><strong><em>Poja\u0161njenje:<\/em><\/strong><\/p>\n<p>U Slu\u017ebenom glasniku Grada Banja Luka broj 2\/18, uredno je objavljena Odluka o povjeravanju obavljanja komunalne djelatnosti u korist preduze\u0107a Eko toplane Banja Luka d.o.o. Banja Luka.<\/p>\n<p><strong><em>Posebno isti\u010demo da je u Slu\u017ebenom glasniku Grada Banja Luka broj 2\/18, objavljen set akata kojima su jasno definisani uslovi za proizvodnju, isporuku i kori\u0161tenje toplotne energije, kao cijena i ostali uslovi.<\/em><\/strong> Na kraju, jasno je definisan i Davalac usluge \u2013 Eko toplane Banja Luka d.o.o. Banja Luka.<\/p>\n<p>Osim navedenog, 10.04.2018. Toplana AD Banja Luka objavila je i dostavila obavje\u0161tenje kojim je sve korisnike obavijestila da od 01.02.2018. ne obavlja komunalne poslove isporuke toplotne energije i da su svi ugovori sa korisnicima po tom pitanju raskinuti, odnosno da treba da se smatraju raskinutim od strane Toplane AD Banja Luka. Tako\u0111e, svi dotada\u0161nji korisnici Toplane AD Banja Luka upoznati su da moraju urediti svoje odnose sa novim Davaocem usluge.<\/li>\n<\/ul>\n<p>[\/vc_column_text]<\/div><\/div><div class=\"sc_accordion_item odd\"><h5 class=\"sc_accordion_title \"><span class=\"sc_accordion_icon sc_accordion_icon_closed icon-down-open\"><\/span><span class=\"sc_accordion_icon sc_accordion_icon_opened icon-up-open\"><\/span>Da li je grijanje skuplje, odnosno da li je preduze\u0107e Eko toplane Banja Luka d.o.o. Banja Luka pove\u0107alo cijene grijanja?<\/h5><div class=\"sc_accordion_content\">[vc_column_text]<strong>Odgovor: <\/strong><\/p>\n<p><strong>Cijena i struktrura cijene toplotne energije je utvr\u0111ena od strane Grada Banja Luka, a ne davaoca usluga. U skladu sa Odlukom o tarifnom sistemu sa Metodologijom obra\u010duna isporu\u010dene toplotne energije, koju je donijela Skup\u0161tina grada Banja Luka 31. januara, 2018. godine, cijena grijanja je ostala ista za 74% objekata. Naime, cijena za stambene objekte kojima se obra\u010dunava isporu\u010dena toplotna energija po metru kvadratnom i poslovne prostore ostaje ista, dok je cijena korigovana za preostalih 26% objekata, a rije\u010d je o stambenim objektima koji imaju ugra\u0111ene kalorimetre i kod kojih je cijena uve\u0107ana po osnovu distributivnih tro\u0161kova. <\/strong><\/p>\n<p><strong><em>Poja\u0161njenje: <\/em><\/strong><\/p>\n<p><strong><em>\u00a0\u00a0\u00a0\u00a0\u00a0\u00a0\u00a0\u00a0\u00a0\u00a0\u00a0 Odluku o tarifnom sistemu sa metodologijom obra\u010duna isporu\u010dene toplotne energije (Sl.gl. Grada Banja Luka 2\/18) donijela je Skup\u0161tina Grada Banja Luka<\/em><\/strong>, na osnovu:<\/p>\n<ul>\n<li style=\"list-style-type: none;\">\n<ul>\n<li>\u010dlana 82. stav 2. Zakona o lokalnoj samoupravi (\u201cSlu\u017ebeni glasnik Republike Srpske broj 97\/16),<\/li>\n<li>\u010dlana 6. Zakona o komunalnim djelatnostima (\u201cSlu\u017ebeni glasnik Republike Srpske broj 124\/11 I 100\/17),<\/li>\n<li>\u010dlana Statuta Grada Banja Luka (\u201cSlu\u017ebeni glasnik Grada Banja Luka \u201c broj 25\/05, 30\/07, 17\/12, 20\/14, 39\/16 i 26\/17).<\/li>\n<li>Odredbama \u010dlana 102. stav 1. ta\u010dka 2. Ustava propisano je da op\u0161tina preko svojih organa, u skladu sa zakonom, ure\u0111uje i obezbje\u0111uje obavljanje komunalnih djelatnosti.<\/li>\n<li>Relevantnim odredbama Zakona o lokalnoj samoupravi (\u00abSlu\u017ebeni glasnik Republike Srpske\u00bb broj 97\/16) propisano je da samostalne nadle\u017enosti op\u0161tina obuhvataju, izme\u0111u ostalih, ure\u0111enje i obezbje\u0111enje obavljanja komunalnih djelatnosti, u okviru kojih je proizvodnja i isporuka toplotne energije, te osnivanje preduze\u0107a, ustanova i drugih organizacija radi pru\u017eanja usluga iz njihove nadle\u017enosti, ure\u0111enje njihove organizacije i upravljanje.<\/li>\n<li>Op\u0161tina, odnosno Grad, u oblasti stambeno-komunalnih djelatnosti ima nadle\u017enost da obezbje\u0111uje obavljanje komunalnih djelatnosti, organizacionih, materijalnih i drugih uslova za izgradnju i odr\u017eavanje komunalnih objekata i komunalne infrastrukture.<\/li>\n<li>Relevantnim odredbama Zakona o komunalnim djelatnostima (\u201cSlu\u017ebeni glasnik Republike Srpske\u201d broj 124\/11 i 100\/17) propisano je da se kao komunalna djelatnost od posebnog javnog interesa, smatra\n<ul>\n<li>proizvodnja i isporuka toplotne energije, koja obuhvata proizvodnju i isporuku pare i tople vode iz daljinskog centralizovanog izvora ili pojedina\u010dnih izvora za grijanje i druge svrhe, toplovodnom mre\u017eom do podstanice potro\u0161a\u010da, uklju\u010duju\u0107i i podstanicu;<\/li>\n<li>da jedinica lokalne samouprave obezbje\u0111uje organizovano obavljanje komunalnih djelatnosti i da svojom odlukom detaljnije propisuje uslove i na\u010din obavljanja komunalnih djelatnosti, materijalne, tehni\u010dke i druge uslove za finansiranje, razvoj, izgradnju i odr\u017eavanje komunalnih objekata, uslove za funkcionisanje i tehni\u010dko-tehnolo\u0161ko jedinstvo sistema i ure\u0111aja, jedinicu obra\u010duna za svaku vrstu komunalne usluge, i na\u010din naplate komunalnih usluga.<\/li>\n<li>Korisnik komunalne usluge pla\u0107a utvr\u0111enu cijenu za pru\u017eenu uslugu na osnovu ra\u010duna koji ispostavlja Davalac komunalne usluge.<\/li>\n<\/ul>\n<\/li>\n<\/ul>\n<\/li>\n<\/ul>\n<p>Na osnovu gore navedenih \u010dinjeni\u010dnog stanja i niza zakonskih odredbi, <strong><em>jasno proizilazi da je jedinica lokalne samouprave putem svojih organa (Skup\u0161tine Grada Banja Luka) bila ovla\u0161tena da svojom Odlukom detaljnije propisuje<\/em><\/strong> uslove i na\u010din obavljanja komunalne djelatnosti proizvodnje i isporuke toplotne energije, kao djelatnosti od posebnog javnog interesa, te da je Grad ovla\u0161ten da osigurava organizovano obavljanje ove komunalne djelatnosti i da svojim op\u0161tim aktima (odlukom) propisuje uslove i na\u010din na koji se gra\u0111anima i drugim korisnicima pru\u017ea ova usluga.<\/p>\n<p>Grad Banja Luka je donio odluku o ustupanju komunalne djelatnosti i samim tim ozna\u010dio novi subjekat kao isporu\u010dioca komunalne djelatnosti. Svi uslovi isporuke toplotne energije jasno su navedeni aktima Grada i vr\u0161ilac komunalne usluge (u ovom slu\u010daju Davalac usluge) ne mo\u017ee ni dobiti povjeravanje ove du\u017enosti ukoliko ne mo\u017ee ispuniti sve obaveze prema korisnicima niti mo\u017ee utvrditi druga\u010dije uslove naplate.<\/p>\n<p><strong><em>\u00a0\u00a0\u00a0\u00a0\u00a0\u00a0\u00a0\u00a0\u00a0\u00a0\u00a0\u00a0\u00a0\u00a0\u00a0\u00a0\u00a0 Davalac usluge Eko toplane Banja luka d.o.o. Banja Luka ne odre\u0111uje cijenu niti strukturu cijene, ve\u0107 vr\u0161i isporuku i naplatu u skladu sa gore navedenim aktima. <\/em><\/strong>[\/vc_column_text]<\/div><\/div><\/div>[\/vc_column][\/vc_row]<\/p>\n","protected":false},"excerpt":{"rendered":"<p>[vc_row css=&#8221;.vc_custom_1541426083982{padding-bottom: 5% !important;}&#8221;][vc_column][\/vc_column][\/vc_row]<\/p>\n","protected":false},"author":1,"featured_media":0,"parent":0,"menu_order":0,"comment_status":"open","ping_status":"closed","template":"","meta":{"footnotes":"","_links_to":"","_links_to_target":""},"class_list":["post-2064","page","type-page","status-publish","hentry"],"_links":{"self":[{"href":"https:\/\/ekotoplanebanjaluka.com\/bs\/wp-json\/wp\/v2\/pages\/2064","targetHints":{"allow":["GET"]}}],"collection":[{"href":"https:\/\/ekotoplanebanjaluka.com\/bs\/wp-json\/wp\/v2\/pages"}],"about":[{"href":"https:\/\/ekotoplanebanjaluka.com\/bs\/wp-json\/wp\/v2\/types\/page"}],"author":[{"embeddable":true,"href":"https:\/\/ekotoplanebanjaluka.com\/bs\/wp-json\/wp\/v2\/users\/1"}],"replies":[{"embeddable":true,"href":"https:\/\/ekotoplanebanjaluka.com\/bs\/wp-json\/wp\/v2\/comments?post=2064"}],"version-history":[{"count":8,"href":"https:\/\/ekotoplanebanjaluka.com\/bs\/wp-json\/wp\/v2\/pages\/2064\/revisions"}],"predecessor-version":[{"id":2806,"href":"https:\/\/ekotoplanebanjaluka.com\/bs\/wp-json\/wp\/v2\/pages\/2064\/revisions\/2806"}],"wp:attachment":[{"href":"https:\/\/ekotoplanebanjaluka.com\/bs\/wp-json\/wp\/v2\/media?parent=2064"}],"curies":[{"name":"wp","href":"https:\/\/api.w.org\/{rel}","templated":true}]}}