{"id":2070,"date":"2018-07-20T15:51:22","date_gmt":"2018-07-20T15:51:22","guid":{"rendered":"https:\/\/ekotoplanebanjaluka.com\/?page_id=2070"},"modified":"2020-10-29T07:27:40","modified_gmt":"2020-10-29T07:27:40","slug":"komandno-kontrolni-centar","status":"publish","type":"page","link":"https:\/\/ekotoplanebanjaluka.com\/bs\/komandno-kontrolni-centar\/","title":{"rendered":"Komandno-kontrolni centar"},"content":{"rendered":"<p>[vc_row][vc_column][vc_column_text]Pra\u0107enjem savremenih tehni\u010dkih rje\u0161enja primijenjenih u sistemima daljinskog grijanja, prepoznata je neophodnost osnivanja Komandno-kontrolnog centra koji na jednom mjestu objedinjuje nadzor i upravljanje procesima proizvodnje toplotne energije na vi\u0161e lokacija istovremeno, kao i njene distribucije do potro\u0161a\u010da.<\/p>\n<p>Prednosti ovakvog na\u010dina rada su vi\u0161estruke, a neke od njih su pra\u0107enje tokova proizvedene energije od izvora do krajnjeg potro\u0161a\u010da, trenutno reagovanje na odstupanja od zadatih parametara sistema, konstantno i pouzdano odr\u017eavanje nivoa kvaliteta isporuke toplotne energije uz ve\u0107e zadovoljstvo potro\u0161a\u010da, detaljna analiza svih parametara, njihovo arhiviranje i optimizacija procesa proizvodnje i distribucije, \u0161to donosi nove benefite u vidu zna\u010dajnih u\u0161teda.[\/vc_column_text][vc_row_inner css=&#8221;.vc_custom_1542631517610{padding-top: 2% !important;}&#8221;][vc_column_inner width=&#8221;1\/2&#8221;]<figure class=\"sc_image  sc_image_shape_square\"><img decoding=\"async\" src=\"https:\/\/ekotoplanebanjaluka.com\/wp-content\/uploads\/2020\/10\/KKC1.jpg\" alt=\"\" \/><\/figure><figure class=\"sc_image  sc_image_shape_square\"><img decoding=\"async\" src=\"https:\/\/ekotoplanebanjaluka.com\/wp-content\/uploads\/2020\/10\/KKC4.jpg\" alt=\"\" \/><\/figure>[\/vc_column_inner][vc_column_inner width=&#8221;1\/2&#8221;]<figure class=\"sc_image  sc_image_shape_square\"><img decoding=\"async\" src=\"https:\/\/ekotoplanebanjaluka.com\/wp-content\/uploads\/2020\/10\/KKC3.jpg\" alt=\"\" \/><\/figure><figure class=\"sc_image  sc_image_shape_square\"><img decoding=\"async\" src=\"https:\/\/ekotoplanebanjaluka.com\/wp-content\/uploads\/2020\/10\/KKC2.jpg\" alt=\"\" \/><\/figure>[\/vc_column_inner][\/vc_row_inner][\/vc_column][\/vc_row]<\/p>\n","protected":false},"excerpt":{"rendered":"<p>[vc_row][vc_column][vc_column_text]Pra\u0107enjem savremenih tehni\u010dkih rje\u0161enja primijenjenih u sistemima daljinskog grijanja, prepoznata je neophodnost osnivanja Komandno-kontrolnog centra koji na jednom mjestu objedinjuje nadzor i upravljanje procesima proizvodnje toplotne energije na vi\u0161e lokacija [&hellip;]<\/p>\n","protected":false},"author":1,"featured_media":0,"parent":0,"menu_order":0,"comment_status":"open","ping_status":"closed","template":"","meta":{"footnotes":"","_links_to":"","_links_to_target":""},"class_list":["post-2070","page","type-page","status-publish","hentry"],"_links":{"self":[{"href":"https:\/\/ekotoplanebanjaluka.com\/bs\/wp-json\/wp\/v2\/pages\/2070","targetHints":{"allow":["GET"]}}],"collection":[{"href":"https:\/\/ekotoplanebanjaluka.com\/bs\/wp-json\/wp\/v2\/pages"}],"about":[{"href":"https:\/\/ekotoplanebanjaluka.com\/bs\/wp-json\/wp\/v2\/types\/page"}],"author":[{"embeddable":true,"href":"https:\/\/ekotoplanebanjaluka.com\/bs\/wp-json\/wp\/v2\/users\/1"}],"replies":[{"embeddable":true,"href":"https:\/\/ekotoplanebanjaluka.com\/bs\/wp-json\/wp\/v2\/comments?post=2070"}],"version-history":[{"count":8,"href":"https:\/\/ekotoplanebanjaluka.com\/bs\/wp-json\/wp\/v2\/pages\/2070\/revisions"}],"predecessor-version":[{"id":4286,"href":"https:\/\/ekotoplanebanjaluka.com\/bs\/wp-json\/wp\/v2\/pages\/2070\/revisions\/4286"}],"wp:attachment":[{"href":"https:\/\/ekotoplanebanjaluka.com\/bs\/wp-json\/wp\/v2\/media?parent=2070"}],"curies":[{"name":"wp","href":"https:\/\/api.w.org\/{rel}","templated":true}]}}