{"id":2084,"date":"2018-07-20T15:55:29","date_gmt":"2018-07-20T15:55:29","guid":{"rendered":"https:\/\/ekotoplanebanjaluka.com\/?page_id=2084"},"modified":"2018-11-07T13:20:08","modified_gmt":"2018-11-07T13:20:08","slug":"eko-toplane-u-medijima","status":"publish","type":"page","link":"https:\/\/ekotoplanebanjaluka.com\/bs\/eko-toplane-u-medijima\/","title":{"rendered":"Eko toplane u medijima"},"content":{"rendered":"<p>[vc_row css=&#8221;.vc_custom_1528896365820{padding-top: 3% !important;padding-bottom: 5% !important;}&#8221;][vc_column]<div id=\"sc_blogger_1966192996\" class=\"sc_blogger layout_excerpt template_excerpt  sc_blogger_horizontal no_description\">\t\t<div class=\"post_item post_item_excerpt post_featured_left post_format_standard odd post-3037 post type-post status-publish format-standard hentry category-eko-toplane-u-medijima\">\n\t\t\t\t\n\t\t\t<div class=\"post_content clearfix\">\n\t\t\t\t<h2 class=\"post_title\"><a href=\"https:\/\/www.youtube.com\/watch?v=JFb5wH0tuS0\"><span class=\"post_icon icon-book-open\"><\/span>ELTA TV: Izgradnja Eko toplana (VIDEO)<\/a><\/h2>\t\t\t\t\t\t<div class=\"post_info\">\n\t\t\t\t\t\t\t\t\t<span class=\"post_info_item post_info_posted_by\">by <a href=\"https:\/\/ekotoplanebanjaluka.com\/bs\/author\/ekotoplanebl\/\" class=\"post_info_author\">ekotoplanebl<\/a><\/span>\n\t\t\t\t                    <span class=\"post_info_item post_info_posted\"><a href=\"https:\/\/www.youtube.com\/watch?v=JFb5wH0tuS0\" class=\"post_info_date\">6 Februara, 2019<\/a><\/span>\n                \t\t\t\t\t<span class=\"post_info_item post_info_counters\"><\/span>\n\t\t\t\t\t\t\t\t<\/div>\n\t\t\n\t\t\t\t<div class=\"post_descr\">\n\t\t\t\t<p>\u201eEko toplane\u201c se grade prema planu. Ve\u0107 od novembra nova toplana trebal\u043e bi da po\u010dne sa isporukom toplotne energije. Nadle\u017eni ka\u017eu, da je do\u0161lo je vrijeme da se rije\u0161i dugogodi\u0161nji<\/p><a href=\"https:\/\/www.youtube.com\/watch?v=JFb5wH0tuS0\" class=\"sc_button sc_button_square sc_button_style_filled sc_button_bg_color_style_bg_style2 sc_button_size_small\">Read more<\/a>\t\t\t\t<\/div>\n\n\t\t\t<\/div>\t<!-- \/.post_content -->\n\n\t\t<\/div>\t<!-- \/.post_item -->\n\n\t\t\t<div class=\"post_item post_item_excerpt post_featured_left post_format_standard even post-3035 post type-post status-publish format-standard hentry category-eko-toplane-u-medijima\">\n\t\t\t\t\n\t\t\t<div class=\"post_content clearfix\">\n\t\t\t\t<h2 class=\"post_title\"><a href=\"https:\/\/lat.rtrs.tv\/vijesti\/vijest.php?id=267363\"><span class=\"post_icon icon-book-open\"><\/span>RTRS: Probni rad Eko-toplane krajem oktobra (VIDEO)<\/a><\/h2>\t\t\t\t\t\t<div class=\"post_info\">\n\t\t\t\t\t\t\t\t\t<span class=\"post_info_item post_info_posted_by\">by <a href=\"https:\/\/ekotoplanebanjaluka.com\/bs\/author\/ekotoplanebl\/\" class=\"post_info_author\">ekotoplanebl<\/a><\/span>\n\t\t\t\t                    <span class=\"post_info_item post_info_posted\"><a href=\"https:\/\/lat.rtrs.tv\/vijesti\/vijest.php?id=267363\" class=\"post_info_date\">6 Februara, 2019<\/a><\/span>\n                \t\t\t\t\t<span class=\"post_info_item post_info_counters\"><\/span>\n\t\t\t\t\t\t\t\t<\/div>\n\t\t\n\t\t\t\t<div class=\"post_descr\">\n\t\t\t\t<p>Najve\u0107i komunalni problem urbanog dijela Banjaluke &#8211; gradsko grijanje, ve\u0107 na jesen odlazi u pro\u0161lost, a sa njim bi trebalo i ru\u017eno sje\u0107anje na brojne probleme postoje\u0107e toplane u prethodnim<\/p><a href=\"https:\/\/lat.rtrs.tv\/vijesti\/vijest.php?id=267363\" class=\"sc_button sc_button_square sc_button_style_filled sc_button_bg_color_style_bg_style2 sc_button_size_small\">Read more<\/a>\t\t\t\t<\/div>\n\n\t\t\t<\/div>\t<!-- \/.post_content -->\n\n\t\t<\/div>\t<!-- \/.post_item -->\n\n\t\t\t<div class=\"post_item post_item_excerpt post_featured_left post_format_standard odd post-3030 post type-post status-publish format-standard has-post-thumbnail hentry category-eko-toplane-u-medijima\">\n\t\t\t\t\t\t\t<div class=\"post_featured\">\n\t\t\t\t\t\t\t\t\t\t<div class=\"post_thumb\" data-image=\"https:\/\/ekotoplanebanjaluka.com\/wp-content\/uploads\/2019\/02\/izgradnja.jpg\" data-title=\"&#8220;Eko-toplana&#8221; do novembra u pogonu\">\n\t\t\t\t\t\t<a class=\"hover_icon hover_icon_link\" href=\"https:\/\/www.nezavisne.com\/novosti\/banjaluka\/Eko-toplana-do-novembra-u-pogonu\/441024\"><img loading=\"lazy\" decoding=\"async\" class=\"wp-post-image\" width=\"870\" height=\"490\" alt=\"&#8220;Eko-toplana&#8221; do novembra u pogonu\" src=\"https:\/\/ekotoplanebanjaluka.com\/wp-content\/uploads\/2019\/02\/izgradnja-750x490.jpg\"><\/a>\t\t\t\t\t\t<\/div>\n\t\t\t\t\t\t\t\t\t\t<\/div>\n\t\t\t\t\n\t\t\t<div class=\"post_content clearfix\">\n\t\t\t\t<h2 class=\"post_title\"><a href=\"https:\/\/www.nezavisne.com\/novosti\/banjaluka\/Eko-toplana-do-novembra-u-pogonu\/441024\"><span class=\"post_icon icon-book-open\"><\/span>&#8220;Eko-toplana&#8221; do novembra u pogonu<\/a><\/h2>\t\t\t\t\t\t<div class=\"post_info\">\n\t\t\t\t\t\t\t\t\t<span class=\"post_info_item post_info_posted_by\">by <a href=\"https:\/\/ekotoplanebanjaluka.com\/bs\/author\/ekotoplanebl\/\" class=\"post_info_author\">ekotoplanebl<\/a><\/span>\n\t\t\t\t                    <span class=\"post_info_item post_info_posted\"><a href=\"https:\/\/www.nezavisne.com\/novosti\/banjaluka\/Eko-toplana-do-novembra-u-pogonu\/441024\" class=\"post_info_date\">6 Februara, 2019<\/a><\/span>\n                \t\t\t\t\t<span class=\"post_info_item post_info_counters\"><\/span>\n\t\t\t\t\t\t\t\t<\/div>\n\t\t\n\t\t\t\t<div class=\"post_descr\">\n\t\t\t\t<p>O\u010dekujemo i nadamo se da \u0107e grad od naredne grijne sezone dobiti stabilno, pouzdano i cijenom prihvatljivo grijanje, i to je na\u0161 osnovni cilj sa kojim smo u\u0161li u projekat<\/p><a href=\"https:\/\/www.nezavisne.com\/novosti\/banjaluka\/Eko-toplana-do-novembra-u-pogonu\/441024\" class=\"sc_button sc_button_square sc_button_style_filled sc_button_bg_color_style_bg_style2 sc_button_size_small\">Read more<\/a>\t\t\t\t<\/div>\n\n\t\t\t<\/div>\t<!-- \/.post_content -->\n\n\t\t<\/div>\t<!-- \/.post_item -->\n\n\t\t\t<div class=\"post_item post_item_excerpt post_featured_left post_format_standard even post-3020 post type-post status-publish format-standard has-post-thumbnail hentry category-eko-toplane-u-medijima\">\n\t\t\t\t\t\t\t<div class=\"post_featured\">\n\t\t\t\t\t\t\t\t\t\t<div class=\"post_thumb\" data-image=\"https:\/\/ekotoplanebanjaluka.com\/wp-content\/uploads\/2019\/02\/pocela-izgradnja.jpg\" data-title=\"Po\u010dela izgradnja &#8220;Eko toplane Banjaluka&#8221;\">\n\t\t\t\t\t\t<a class=\"hover_icon hover_icon_link\" href=\"https:\/\/www.nezavisne.com\/novosti\/banjaluka\/Pocela-izgradnja-Eko-toplane-Banjaluka\/428751\"><img loading=\"lazy\" decoding=\"async\" class=\"wp-post-image\" width=\"870\" height=\"490\" alt=\"Po\u010dela izgradnja &#8220;Eko toplane Banjaluka&#8221;\" src=\"https:\/\/ekotoplanebanjaluka.com\/wp-content\/uploads\/2019\/02\/pocela-izgradnja-750x490.jpg\"><\/a>\t\t\t\t\t\t<\/div>\n\t\t\t\t\t\t\t\t\t\t<\/div>\n\t\t\t\t\n\t\t\t<div class=\"post_content clearfix\">\n\t\t\t\t<h2 class=\"post_title\"><a href=\"https:\/\/www.nezavisne.com\/novosti\/banjaluka\/Pocela-izgradnja-Eko-toplane-Banjaluka\/428751\"><span class=\"post_icon icon-book-open\"><\/span>Po\u010dela izgradnja &#8220;Eko toplane Banjaluka&#8221;<\/a><\/h2>\t\t\t\t\t\t<div class=\"post_info\">\n\t\t\t\t\t\t\t\t\t<span class=\"post_info_item post_info_posted_by\">by <a href=\"https:\/\/ekotoplanebanjaluka.com\/bs\/author\/ekotoplanebl\/\" class=\"post_info_author\">ekotoplanebl<\/a><\/span>\n\t\t\t\t                    <span class=\"post_info_item post_info_posted\"><a href=\"https:\/\/www.nezavisne.com\/novosti\/banjaluka\/Pocela-izgradnja-Eko-toplane-Banjaluka\/428751\" class=\"post_info_date\">6 Februara, 2019<\/a><\/span>\n                \t\t\t\t\t<span class=\"post_info_item post_info_counters\"><\/span>\n\t\t\t\t\t\t\t\t<\/div>\n\t\t\n\t\t\t\t<div class=\"post_descr\">\n\t\t\t\t<p>Po\u010deli su pripremni radovi na izgradnji &#8220;Eko toplane Banjaluka&#8221;, koja \u0107e obezbijediti stabilnije i kvalitetnije grijanje. Nova toplana gradi se na parceli u neposrednoj blizini postoje\u0107e Toplane. Gra\u0111evinsku dozvolu za<\/p><a href=\"https:\/\/www.nezavisne.com\/novosti\/banjaluka\/Pocela-izgradnja-Eko-toplane-Banjaluka\/428751\" class=\"sc_button sc_button_square sc_button_style_filled sc_button_bg_color_style_bg_style2 sc_button_size_small\">Read more<\/a>\t\t\t\t<\/div>\n\n\t\t\t<\/div>\t<!-- \/.post_content -->\n\n\t\t<\/div>\t<!-- \/.post_item -->\n\n\t\t\t<div class=\"post_item post_item_excerpt post_featured_left post_format_standard odd post-3018 post type-post status-publish format-standard has-post-thumbnail hentry category-eko-toplane-u-medijima\">\n\t\t\t\t\t\t\t<div class=\"post_featured\">\n\t\t\t\t\t\t\t\t\t\t<div class=\"post_thumb\" data-image=\"https:\/\/ekotoplanebanjaluka.com\/wp-content\/uploads\/2019\/02\/et-osnivanje.jpg\" data-title=\"Osnovano privredno dru\u0161tvo &#8220;Eko toplane Banjaluka&#8221;\">\n\t\t\t\t\t\t<a class=\"hover_icon hover_icon_link\" href=\"https:\/\/www.nezavisne.com\/novosti\/banjaluka\/Osnovano-privredno-drustvo-Eko-toplane-Banjaluka\/428433\"><img loading=\"lazy\" decoding=\"async\" class=\"wp-post-image\" width=\"870\" height=\"490\" alt=\"Osnovano privredno dru\u0161tvo &#8220;Eko toplane Banjaluka&#8221;\" src=\"https:\/\/ekotoplanebanjaluka.com\/wp-content\/uploads\/2019\/02\/et-osnivanje-750x490.jpg\"><\/a>\t\t\t\t\t\t<\/div>\n\t\t\t\t\t\t\t\t\t\t<\/div>\n\t\t\t\t\n\t\t\t<div class=\"post_content clearfix\">\n\t\t\t\t<h2 class=\"post_title\"><a href=\"https:\/\/www.nezavisne.com\/novosti\/banjaluka\/Osnovano-privredno-drustvo-Eko-toplane-Banjaluka\/428433\"><span class=\"post_icon icon-book-open\"><\/span>Osnovano privredno dru\u0161tvo &#8220;Eko toplane Banjaluka&#8221;<\/a><\/h2>\t\t\t\t\t\t<div class=\"post_info\">\n\t\t\t\t\t\t\t\t\t<span class=\"post_info_item post_info_posted_by\">by <a href=\"https:\/\/ekotoplanebanjaluka.com\/bs\/author\/ekotoplanebl\/\" class=\"post_info_author\">ekotoplanebl<\/a><\/span>\n\t\t\t\t                    <span class=\"post_info_item post_info_posted\"><a href=\"https:\/\/www.nezavisne.com\/novosti\/banjaluka\/Osnovano-privredno-drustvo-Eko-toplane-Banjaluka\/428433\" class=\"post_info_date\">6 Februara, 2019<\/a><\/span>\n                \t\t\t\t\t<span class=\"post_info_item post_info_counters\"><\/span>\n\t\t\t\t\t\t\t\t<\/div>\n\t\t\n\t\t\t\t<div class=\"post_descr\">\n\t\t\t\t<p>Igor Radoji\u010di\u0107, gradona\u010delnik Banjaluke i Dragi\u0161a Ze\u010devi\u0107, izvr\u0161ni direktor Instituta za energetiku i ekologiju (IEE), potpisali su ugovor o osnivanju &#8220;Eko toplane Banjaluka&#8221;. &#8220;Kona\u010dno dobijamo pouzdano i kvalitetno grijanje u<\/p><a href=\"https:\/\/www.nezavisne.com\/novosti\/banjaluka\/Osnovano-privredno-drustvo-Eko-toplane-Banjaluka\/428433\" class=\"sc_button sc_button_square sc_button_style_filled sc_button_bg_color_style_bg_style2 sc_button_size_small\">Read more<\/a>\t\t\t\t<\/div>\n\n\t\t\t<\/div>\t<!-- \/.post_content -->\n\n\t\t<\/div>\t<!-- \/.post_item -->\n\n\t<\/div>[\/vc_column][\/vc_row]<\/p>\n","protected":false},"excerpt":{"rendered":"<p>[vc_row css=&#8221;.vc_custom_1528896365820{padding-top: 3% !important;padding-bottom: 5% !important;}&#8221;][vc_column][\/vc_column][\/vc_row]<\/p>\n","protected":false},"author":1,"featured_media":0,"parent":0,"menu_order":0,"comment_status":"open","ping_status":"closed","template":"","meta":{"footnotes":"","_links_to":"","_links_to_target":""},"class_list":["post-2084","page","type-page","status-publish","hentry"],"_links":{"self":[{"href":"https:\/\/ekotoplanebanjaluka.com\/bs\/wp-json\/wp\/v2\/pages\/2084","targetHints":{"allow":["GET"]}}],"collection":[{"href":"https:\/\/ekotoplanebanjaluka.com\/bs\/wp-json\/wp\/v2\/pages"}],"about":[{"href":"https:\/\/ekotoplanebanjaluka.com\/bs\/wp-json\/wp\/v2\/types\/page"}],"author":[{"embeddable":true,"href":"https:\/\/ekotoplanebanjaluka.com\/bs\/wp-json\/wp\/v2\/users\/1"}],"replies":[{"embeddable":true,"href":"https:\/\/ekotoplanebanjaluka.com\/bs\/wp-json\/wp\/v2\/comments?post=2084"}],"version-history":[{"count":2,"href":"https:\/\/ekotoplanebanjaluka.com\/bs\/wp-json\/wp\/v2\/pages\/2084\/revisions"}],"predecessor-version":[{"id":2771,"href":"https:\/\/ekotoplanebanjaluka.com\/bs\/wp-json\/wp\/v2\/pages\/2084\/revisions\/2771"}],"wp:attachment":[{"href":"https:\/\/ekotoplanebanjaluka.com\/bs\/wp-json\/wp\/v2\/media?parent=2084"}],"curies":[{"name":"wp","href":"https:\/\/api.w.org\/{rel}","templated":true}]}}