{"id":4326,"date":"2020-11-03T08:14:05","date_gmt":"2020-11-03T08:14:05","guid":{"rendered":"https:\/\/ekotoplanebanjaluka.com\/?page_id=4326"},"modified":"2020-11-03T08:21:49","modified_gmt":"2020-11-03T08:21:49","slug":"politika-kvaliteta","status":"publish","type":"page","link":"https:\/\/ekotoplanebanjaluka.com\/bs\/politika-kvaliteta\/","title":{"rendered":"Politika kvaliteta"},"content":{"rendered":"<p>[vc_row][vc_column width=&#8221;2\/3&#8221;][vc_column_text]<strong>Politika kvaliteta, \u017eivotne sredine i OH&amp;S politika<\/strong><\/p>\n<p>Misija postojanja i poslovanja privrednog dru\u0161tva EKO TOPLANE BANJA LUKA d.o.o. Banja Luka, ostvaruje se zadovoljenjem potreba i \u017eelja korisnika usluga, kroz kvalitetnu isporuku toplotne energije, uz potpunu kontrolu uticaja na \u017eivotnu sredinu, bezbjednost i zdravlje na radu.<\/p>\n<p>Vizija EKO TOPLANA BANJA LUKA d.o.o. Banja Luka je samoodr\u017eivo privredno dru\u0161tvo koje iz godine u godinu pove\u0107ava prihode po osnovu pove\u0107anja broja korisnika usluga i grijnih povr\u0161ina stambenih i poslovnih prostora grada Banja Luka, uz \u0161to ve\u0107i stepen energetske efikasnosti.<\/p>\n<p>Rukovodstvo privrednog dru\u0161tva EKO TOPLANE BANJA LUKA d.o.o. Banja Luka je opredijeljeno da se, u skladu sa identifikovanim eksternim i internim kontekstom i strate\u0161kim usmjerenjem, bavi razmi\u0161ljanjem zasnovanom na rizicima, koji su identifikovani kao prijetnja kvalitetu, \u017eivotnoj sredini, bezbjedno\u0161\u0107u i zdravljem na radu. Rukovodstvo privrednog dru\u0161tva EKO TOPLANE BANJA LUKA d.o.o. Banja Luka posebnu pa\u017enju poklanja kvalitetu usluge, zadovoljstvu korisnika usluga, zdravlju i bezbjednosti na radu.<\/p>\n<p>U cilju ostvarivanja osnovnih funkcija EKO TOPLANA BANJA LUKA d.o.o. Banja Luka, rukovodstvo privrednog dru\u0161tva postavlja sljede\u0107a strate\u0161ka opredjeljenja za kvalitet, za\u0161titu \u017eivotne sredine, bezbjednost i zdravlje na radu:<\/p>\n<ul>\n<li>Pove\u0107anje energetske efikasnosti;<\/li>\n<li>O\u010duvanje kvaliteta okoline i bezbjednosti na radu;<\/li>\n<li>Racionalnu potro\u0161nju toplotne energije;<\/li>\n<li>Smanjenje tro\u0161kova poslovanja<\/li>\n<\/ul>\n<p>Za ostvarivanje usvojenih strate\u0161kih ciljeva, rukovodstvo preduze\u0107a je opredijeljeno za:<\/p>\n<ul>\n<li>Efektivnu i pouzdanu proizvodnju i distribuciju toplotne energije;<\/li>\n<li>Efikasnu i pravovremenu isporuku toplotne energije;<\/li>\n<li>Stvaranje svih preduslova za racionalno i komforno kori\u0161tenje toplotne energije;<\/li>\n<li>Ostvarivanje usluge najvi\u0161eg kvaliteta;<\/li>\n<li>Ispunjavanje pozitivnih o\u010dekivanja korisnika usluga;<\/li>\n<li>Za\u0161titu \u017eivotne sredine, zdravlja i bezbjednosti na radu;<\/li>\n<li>Postavljanje mjerljivih ciljeva u svim procesima;<\/li>\n<li>Provo\u0111enje zakonskih zahtjeva za o\u010duvanje kvaliteta, \u017eivotne sredine, bezbjednosti i zdravlja na radu;<\/li>\n<li>Uklju\u010divanje radnika u konsultacije u vezi sa pobolj\u0161anjem OH&amp;S sistema menad\u017ementa;<\/li>\n<\/ul>\n<p>Ovom izjavom rukovodstvo privrednog dru\u0161tva EKO TOPLANE BANJA LUKA d.o.o. Banja Luka, stavlja u primjenu sistem upravljanja kvalitetom, \u017eivotnom sredinom, bezbjedno\u0161\u0107u i zdravljem na radu prema standardima ISO 9001:2015, ISO 14001:2015 i ISO 45001:2018 i obavezuje sebe i sve zaposlene da izvr\u0161avaju postavljene zadatke.<\/p>\n<p>Na ovaj na\u010din, EKO TOPLANE BANJA LUKA d.o.o. Banja Luka dokazuju da su u tehnolo\u0161kom, kadrovskom, organizacionom i ekolo\u0161kom pogledu uskladile svoj sistem upravljanja sa najvi\u0161im svjetskim standardima, \u0161to doprinosi boljem kvalitetu \u017eivota u Banjoj Luci.<\/p>\n<p>Politiku transparentno i otvoreno saop\u0161tavamo zaposlenicima, korisnicima usluga i ostalim zainteresovanim stranama uz promovisanje zadovoljstva korisnika usluga, zdrave okoline i pouzdanog snabdijevanja toplotnom energijom.<\/p>\n<p>[\/vc_column_text][\/vc_column][vc_column width=&#8221;1\/3&#8221;]<figure class=\"sc_image  sc_image_shape_square\"><img decoding=\"async\" src=\"https:\/\/ekotoplanebanjaluka.com\/wp-content\/uploads\/2020\/11\/ISO-sertifikat-1.jpg\" alt=\"\" \/><\/figure>[\/vc_column][\/vc_row]<\/p>\n","protected":false},"excerpt":{"rendered":"<p>[vc_row][vc_column width=&#8221;2\/3&#8221;][vc_column_text]Politika kvaliteta, \u017eivotne sredine i OH&amp;S politika Misija postojanja i poslovanja privrednog dru\u0161tva EKO TOPLANE BANJA LUKA d.o.o. Banja Luka, ostvaruje se zadovoljenjem potreba i \u017eelja korisnika usluga, kroz [&hellip;]<\/p>\n","protected":false},"author":1,"featured_media":0,"parent":0,"menu_order":0,"comment_status":"open","ping_status":"closed","template":"","meta":{"footnotes":"","_links_to":"","_links_to_target":""},"class_list":["post-4326","page","type-page","status-publish","hentry"],"_links":{"self":[{"href":"https:\/\/ekotoplanebanjaluka.com\/bs\/wp-json\/wp\/v2\/pages\/4326","targetHints":{"allow":["GET"]}}],"collection":[{"href":"https:\/\/ekotoplanebanjaluka.com\/bs\/wp-json\/wp\/v2\/pages"}],"about":[{"href":"https:\/\/ekotoplanebanjaluka.com\/bs\/wp-json\/wp\/v2\/types\/page"}],"author":[{"embeddable":true,"href":"https:\/\/ekotoplanebanjaluka.com\/bs\/wp-json\/wp\/v2\/users\/1"}],"replies":[{"embeddable":true,"href":"https:\/\/ekotoplanebanjaluka.com\/bs\/wp-json\/wp\/v2\/comments?post=4326"}],"version-history":[{"count":4,"href":"https:\/\/ekotoplanebanjaluka.com\/bs\/wp-json\/wp\/v2\/pages\/4326\/revisions"}],"predecessor-version":[{"id":4330,"href":"https:\/\/ekotoplanebanjaluka.com\/bs\/wp-json\/wp\/v2\/pages\/4326\/revisions\/4330"}],"wp:attachment":[{"href":"https:\/\/ekotoplanebanjaluka.com\/bs\/wp-json\/wp\/v2\/media?parent=4326"}],"curies":[{"name":"wp","href":"https:\/\/api.w.org\/{rel}","templated":true}]}}