{"id":5127,"date":"2022-03-01T12:17:56","date_gmt":"2022-03-01T12:17:56","guid":{"rendered":"https:\/\/ekotoplanebanjaluka.com\/?page_id=5127"},"modified":"2026-03-30T13:55:39","modified_gmt":"2026-03-30T13:55:39","slug":"zahtjevi","status":"publish","type":"page","link":"https:\/\/ekotoplanebanjaluka.com\/bs\/zahtjevi\/","title":{"rendered":"Zahtjevi"},"content":{"rendered":"<p>[vc_row][vc_column][vc_column_text]<\/p>\n<p class=\"MsoNormal\"><span style=\"font-size: 11.0pt; font-family: 'Arial',sans-serif;\">Po\u0161tovani korisnici,<\/span><\/p>\n<p class=\"MsoNormal\"><span style=\"font-size: 11.0pt; font-family: 'Arial',sans-serif;\">U cilju unapre\u0111enja na\u0161ih usluga, omogu\u0107ili smo dostavu ra\u010duna elektronskom po\u0161tom.<\/span><\/p>\n<p class=\"MsoNormal\"><span style=\"font-size: 11.0pt; font-family: 'Arial',sans-serif;\">Na ovoj stranici dostupan je <a href=\"https:\/\/ekotoplanebanjaluka.com\/wp-content\/uploads\/2024\/10\/Zahtjev-za-dostavu-ra%C4%8Duna-elektronskom-po%C5%A1tom-1.pdf\"><b>obrazac<\/b> <b>zahtjeva<\/b><\/a> koje mo\u017eete preuzeti, popuniti i dostaviti u Korisni\u010dki centar Eko toplana Banjaluka:<\/span><\/p>\n<ul style=\"margin-top: 0cm;\" type=\"disc\">\n<li class=\"MsoNormal\"><span lang=\"DE\" style=\"font-size: 11.0pt; font-family: 'Arial',sans-serif;\">e-mailom na adresu <a class=\"moz-txt-link-freetext\" href=\"mailto:info@ekotoplanebanjaluka.com\">info@ekotoplanebanjaluka.com<\/a>, <\/span><\/li>\n<li class=\"MsoNormal\"><span lang=\"DE\" style=\"font-size: 11.0pt; font-family: 'Arial',sans-serif;\">po\u0161tom, ili <\/span><\/li>\n<li class=\"MsoNormal\"><span lang=\"DE\" style=\"font-size: 11.0pt; font-family: 'Arial',sans-serif;\">li\u010dno u Korisni\u010dki centar (Bulevar vojvode \u017divojina Mi\u0161i\u0107a 32).<\/span><\/li>\n<\/ul>\n<p class=\"MsoNormal\"><span style=\"font-size: 11.0pt; font-family: 'Arial',sans-serif;\">Na isti na\u010din mo\u017eete dostaviti i <a href=\"https:\/\/ekotoplanebanjaluka.com\/wp-content\/uploads\/2022\/03\/ZAHTJEV-ZA-PROMJENU-ADRESE-ZA-DOSTAVU-RA%C4%8CUNA.pdf\"><b>zahtjev za promjenu adrese za dostavu ra\u010duna<\/b><\/a>.<\/span><span style=\"font-size: 11.0pt; font-family: 'Arial',sans-serif;\">\u00a0<\/span><\/p>\n<p class=\"MsoNormal\"><span style=\"font-size: 11.0pt; font-family: 'Arial',sans-serif;\">Obrasce mo\u017eete preuzeti i u prostorijama Korisni\u010dkog centra, gdje ih mo\u017eete popuniti uz pomo\u0107 na\u0161eg osoblja.<\/span><\/p>\n<p>[\/vc_column_text][\/vc_column][\/vc_row][vc_row][vc_column][vc_empty_space][\/vc_column][\/vc_row][vc_row][vc_column][vc_column_text]<a href=\"https:\/\/ekotoplanebanjaluka.com\/wp-content\/uploads\/2024\/10\/Zahtjev-za-dostavu-ra\u010duna-elektronskom-po\u0161tom-1.pdf\">ZAHTJEV ZA DOSTAVU RA\u010cUNA ELEKTRONSKOM PO\u0160TOM<\/a><\/p>\n<p><a href=\"https:\/\/ekotoplanebanjaluka.com\/wp-content\/uploads\/2022\/03\/ZAHTJEV-ZA-PROMJENU-ADRESE-ZA-DOSTAVU-RA\u010cUNA.pdf\">ZAHTJEV ZA PROMJENU ADRESE ZA DOSTAVU RA\u010cUNA<\/a><\/p>\n<p>&nbsp;[\/vc_column_text][\/vc_column][\/vc_row]<\/p>\n","protected":false},"excerpt":{"rendered":"<p>[vc_row][vc_column][vc_column_text] Po\u0161tovani korisnici, U cilju unapre\u0111enja na\u0161ih usluga, omogu\u0107ili smo dostavu ra\u010duna elektronskom po\u0161tom. Na ovoj stranici dostupan je obrazac zahtjeva koje mo\u017eete preuzeti, popuniti i dostaviti u Korisni\u010dki centar [&hellip;]<\/p>\n","protected":false},"author":4,"featured_media":0,"parent":0,"menu_order":0,"comment_status":"closed","ping_status":"closed","template":"","meta":{"footnotes":"","_links_to":"","_links_to_target":""},"class_list":["post-5127","page","type-page","status-publish","hentry"],"_links":{"self":[{"href":"https:\/\/ekotoplanebanjaluka.com\/bs\/wp-json\/wp\/v2\/pages\/5127","targetHints":{"allow":["GET"]}}],"collection":[{"href":"https:\/\/ekotoplanebanjaluka.com\/bs\/wp-json\/wp\/v2\/pages"}],"about":[{"href":"https:\/\/ekotoplanebanjaluka.com\/bs\/wp-json\/wp\/v2\/types\/page"}],"author":[{"embeddable":true,"href":"https:\/\/ekotoplanebanjaluka.com\/bs\/wp-json\/wp\/v2\/users\/4"}],"replies":[{"embeddable":true,"href":"https:\/\/ekotoplanebanjaluka.com\/bs\/wp-json\/wp\/v2\/comments?post=5127"}],"version-history":[{"count":5,"href":"https:\/\/ekotoplanebanjaluka.com\/bs\/wp-json\/wp\/v2\/pages\/5127\/revisions"}],"predecessor-version":[{"id":6852,"href":"https:\/\/ekotoplanebanjaluka.com\/bs\/wp-json\/wp\/v2\/pages\/5127\/revisions\/6852"}],"wp:attachment":[{"href":"https:\/\/ekotoplanebanjaluka.com\/bs\/wp-json\/wp\/v2\/media?parent=5127"}],"curies":[{"name":"wp","href":"https:\/\/api.w.org\/{rel}","templated":true}]}}